{"id":12,"date":"2016-10-08T22:49:41","date_gmt":"2016-10-08T22:49:41","guid":{"rendered":"https:\/\/sliaduanas.com.pe\/?page_id=12"},"modified":"2021-04-16T14:32:36","modified_gmt":"2021-04-16T14:32:36","slug":"agenciamiento-de-aduanas","status":"publish","type":"page","link":"https:\/\/sliaduanas.com.pe\/?page_id=12","title":{"rendered":"AGENCIAMIENTO DE ADUANAS"},"content":{"rendered":"\t\t<div data-elementor-type=\"wp-page\" data-elementor-id=\"12\" class=\"elementor elementor-12\" data-elementor-settings=\"[]\">\n\t\t\t\t\t\t<div class=\"elementor-inner\">\n\t\t\t\t\t\t\t<div class=\"elementor-section-wrap\">\n\t\t\t\t\t\t\t<section class=\"elementor-section elementor-top-section elementor-element elementor-element-9b0baa3 elementor-section-boxed elementor-section-height-default elementor-section-height-default\" data-id=\"9b0baa3\" data-element_type=\"section\">\n\t\t\t\t\t\t<div class=\"elementor-container elementor-column-gap-default\">\n\t\t\t\t\t\t\t<div class=\"elementor-row\">\n\t\t\t\t\t<div class=\"elementor-column elementor-col-100 elementor-top-column elementor-element elementor-element-1a823f9\" data-id=\"1a823f9\" data-element_type=\"column\">\n\t\t\t<div class=\"elementor-column-wrap\">\n\t\t\t\t\t\t\t<div class=\"elementor-widget-wrap\">\n\t\t\t\t\t\t\t\t<\/div>\n\t\t\t\t\t<\/div>\n\t\t<\/div>\n\t\t\t\t\t\t\t\t<\/div>\n\t\t\t\t\t<\/div>\n\t\t<\/section>\n\t\t\t\t<section class=\"elementor-section elementor-top-section elementor-element elementor-element-7493cfb elementor-section-boxed elementor-section-height-default elementor-section-height-default\" data-id=\"7493cfb\" data-element_type=\"section\">\n\t\t\t\t\t\t<div class=\"elementor-container elementor-column-gap-default\">\n\t\t\t\t\t\t\t<div class=\"elementor-row\">\n\t\t\t\t\t<div class=\"elementor-column elementor-col-50 elementor-top-column elementor-element elementor-element-d65ff2b\" data-id=\"d65ff2b\" data-element_type=\"column\">\n\t\t\t<div class=\"elementor-column-wrap elementor-element-populated\">\n\t\t\t\t\t\t\t<div class=\"elementor-widget-wrap\">\n\t\t\t\t\t\t<div class=\"elementor-element elementor-element-46a9cd0 elementor-invisible elementor-widget elementor-widget-image\" data-id=\"46a9cd0\" data-element_type=\"widget\" data-settings=\"{&quot;_animation&quot;:&quot;fadeIn&quot;}\" data-widget_type=\"image.default\">\n\t\t\t\t<div class=\"elementor-widget-container\">\n\t\t\t\t\t<div class=\"elementor-image\">\n\t\t\t\t\t\t\t\t\t\t<img loading=\"lazy\" decoding=\"async\" width=\"545\" height=\"586\" src=\"https:\/\/sliaduanas.com.pe\/wp-content\/uploads\/2020\/09\/agenciamiento.jpg\" class=\"attachment-large size-large\" alt=\"\" srcset=\"https:\/\/sliaduanas.com.pe\/wp-content\/uploads\/2020\/09\/agenciamiento.jpg 545w, https:\/\/sliaduanas.com.pe\/wp-content\/uploads\/2020\/09\/agenciamiento-279x300.jpg 279w\" sizes=\"auto, (max-width: 545px) 100vw, 545px\" \/>\t\t\t\t\t\t\t\t\t\t\t<\/div>\n\t\t\t\t<\/div>\n\t\t\t\t<\/div>\n\t\t\t\t<div class=\"elementor-element elementor-element-49d9717 elementor-widget elementor-widget-image\" data-id=\"49d9717\" data-element_type=\"widget\" data-widget_type=\"image.default\">\n\t\t\t\t<div class=\"elementor-widget-container\">\n\t\t\t\t\t<div class=\"elementor-image\">\n\t\t\t\t\t\t\t\t\t\t<img loading=\"lazy\" decoding=\"async\" width=\"518\" height=\"115\" src=\"https:\/\/sliaduanas.com.pe\/wp-content\/uploads\/2021\/04\/certificados.png\" class=\"attachment-large size-large\" alt=\"\" srcset=\"https:\/\/sliaduanas.com.pe\/wp-content\/uploads\/2021\/04\/certificados.png 518w, https:\/\/sliaduanas.com.pe\/wp-content\/uploads\/2021\/04\/certificados-300x67.png 300w\" sizes=\"auto, (max-width: 518px) 100vw, 518px\" \/>\t\t\t\t\t\t\t\t\t\t\t<\/div>\n\t\t\t\t<\/div>\n\t\t\t\t<\/div>\n\t\t\t\t\t\t<\/div>\n\t\t\t\t\t<\/div>\n\t\t<\/div>\n\t\t\t\t<div class=\"elementor-column elementor-col-50 elementor-top-column elementor-element elementor-element-caf580d\" data-id=\"caf580d\" data-element_type=\"column\">\n\t\t\t<div class=\"elementor-column-wrap elementor-element-populated\">\n\t\t\t\t\t\t\t<div class=\"elementor-widget-wrap\">\n\t\t\t\t\t\t<div class=\"elementor-element elementor-element-ae1c259 elementor-widget elementor-widget-heading\" data-id=\"ae1c259\" data-element_type=\"widget\" data-widget_type=\"heading.default\">\n\t\t\t\t<div class=\"elementor-widget-container\">\n\t\t\t<h2 class=\"elementor-heading-title elementor-size-default\"><b>Agenciamiento de Aduanas<\/b><\/h2>\t\t<\/div>\n\t\t\t\t<\/div>\n\t\t\t\t<div class=\"elementor-element elementor-element-f193443 elementor-widget elementor-widget-text-editor\" data-id=\"f193443\" data-element_type=\"widget\" data-widget_type=\"text-editor.default\">\n\t\t\t\t<div class=\"elementor-widget-container\">\n\t\t\t\t\t<div class=\"elementor-text-editor elementor-clearfix\"><p>Somos una opci\u00f3n diferente en el comercio internacional, ofreciendo servicio de calidad siempre a la vanguardia \u00a0en la implementaci\u00f3n de nuevos modelos de gesti\u00f3n, adem\u00e1s de contar con un sistema inform\u00e1tico acorde al desarrollo constante de la tecnolog\u00eda<\/p><\/div>\n\t\t\t\t<\/div>\n\t\t\t\t<\/div>\n\t\t\t\t<div class=\"elementor-element elementor-element-40516cc elementor-widget elementor-widget-heading\" data-id=\"40516cc\" data-element_type=\"widget\" data-widget_type=\"heading.default\">\n\t\t\t\t<div class=\"elementor-widget-container\">\n\t\t\t<h4 class=\"elementor-heading-title elementor-size-default\"><h2 style=\"white-space: normal;\">SUCURSALES:<\/h2><\/h4>\t\t<\/div>\n\t\t\t\t<\/div>\n\t\t\t\t<div class=\"elementor-element elementor-element-a7e35fb elementor-widget elementor-widget-accordion\" data-id=\"a7e35fb\" data-element_type=\"widget\" data-widget_type=\"accordion.default\">\n\t\t\t\t<div class=\"elementor-widget-container\">\n\t\t\t\t\t<div class=\"elementor-accordion\" role=\"tablist\">\n\t\t\t\t\t\t\t<div class=\"elementor-accordion-item\">\n\t\t\t\t\t<div id=\"elementor-tab-title-1761\" class=\"elementor-tab-title\" data-tab=\"1\" role=\"tab\" aria-controls=\"elementor-tab-content-1761\" aria-expanded=\"false\">\n\t\t\t\t\t\t\t\t\t\t\t\t\t<span class=\"elementor-accordion-icon elementor-accordion-icon-left\" aria-hidden=\"true\">\n\t\t\t\t\t\t\t\t\t\t\t\t\t\t\t<span class=\"elementor-accordion-icon-closed\"><i class=\"fas fa-angle-double-down\"><\/i><\/span>\n\t\t\t\t\t\t\t\t<span class=\"elementor-accordion-icon-opened\"><i class=\"fas fa-minus\"><\/i><\/span>\n\t\t\t\t\t\t\t\t\t\t\t\t\t\t<\/span>\n\t\t\t\t\t\t\t\t\t\t\t\t<a class=\"elementor-accordion-title\" href=\"\">LIMA<\/a>\n\t\t\t\t\t<\/div>\n\t\t\t\t\t<div id=\"elementor-tab-content-1761\" class=\"elementor-tab-content elementor-clearfix\" data-tab=\"1\" role=\"tabpanel\" aria-labelledby=\"elementor-tab-title-1761\"><p><strong>Agente:<\/strong> 6892 &#8211; SLI ADUANAS S.A.C.<br \/><strong>Tipo:<\/strong> AGENCIA DE ADUANA<br \/><strong>Direcci\u00f3n:<\/strong> CALLE HONORIO DELGADO 187 189 &#8211; MAGDALENA DEL MAR<br \/><strong>Documento:<\/strong> 4 &#8211; 20392990624<br \/><strong>Tel\u00e9fono:<\/strong> 6364747<\/p><\/div>\n\t\t\t\t<\/div>\n\t\t\t\t\t\t\t<div class=\"elementor-accordion-item\">\n\t\t\t\t\t<div id=\"elementor-tab-title-1762\" class=\"elementor-tab-title\" data-tab=\"2\" role=\"tab\" aria-controls=\"elementor-tab-content-1762\" aria-expanded=\"false\">\n\t\t\t\t\t\t\t\t\t\t\t\t\t<span class=\"elementor-accordion-icon elementor-accordion-icon-left\" aria-hidden=\"true\">\n\t\t\t\t\t\t\t\t\t\t\t\t\t\t\t<span class=\"elementor-accordion-icon-closed\"><i class=\"fas fa-angle-double-down\"><\/i><\/span>\n\t\t\t\t\t\t\t\t<span class=\"elementor-accordion-icon-opened\"><i class=\"fas fa-minus\"><\/i><\/span>\n\t\t\t\t\t\t\t\t\t\t\t\t\t\t<\/span>\n\t\t\t\t\t\t\t\t\t\t\t\t<a class=\"elementor-accordion-title\" href=\"\">CHIMBOTE<\/a>\n\t\t\t\t\t<\/div>\n\t\t\t\t\t<div id=\"elementor-tab-content-1762\" class=\"elementor-tab-content elementor-clearfix\" data-tab=\"2\" role=\"tabpanel\" aria-labelledby=\"elementor-tab-title-1762\"><p><strong>Agente:<\/strong> 6892 &#8211; SLI ADUANAS S.A.C.<br \/><strong>Tipo:<\/strong> AGENCIA DE ADUANA<br \/><strong>Direcci\u00f3n:<\/strong> AV. FRANCISCO BOLOGNESI 276 INT 201 2 PS CASCO URBA &#8211; \u00a0CHIMBOTE<br \/><strong>Documento:<\/strong> 4 &#8211; 20392990624<br \/><strong>Tel\u00e9fono:<\/strong> 321949<br \/>op.chimbote@sliaduanas.com.pe<\/p><\/div>\n\t\t\t\t<\/div>\n\t\t\t\t\t\t\t<div class=\"elementor-accordion-item\">\n\t\t\t\t\t<div id=\"elementor-tab-title-1763\" class=\"elementor-tab-title\" data-tab=\"3\" role=\"tab\" aria-controls=\"elementor-tab-content-1763\" aria-expanded=\"false\">\n\t\t\t\t\t\t\t\t\t\t\t\t\t<span class=\"elementor-accordion-icon elementor-accordion-icon-left\" aria-hidden=\"true\">\n\t\t\t\t\t\t\t\t\t\t\t\t\t\t\t<span class=\"elementor-accordion-icon-closed\"><i class=\"fas fa-angle-double-down\"><\/i><\/span>\n\t\t\t\t\t\t\t\t<span class=\"elementor-accordion-icon-opened\"><i class=\"fas fa-minus\"><\/i><\/span>\n\t\t\t\t\t\t\t\t\t\t\t\t\t\t<\/span>\n\t\t\t\t\t\t\t\t\t\t\t\t<a class=\"elementor-accordion-title\" href=\"\">SALAVERRY<\/a>\n\t\t\t\t\t<\/div>\n\t\t\t\t\t<div id=\"elementor-tab-content-1763\" class=\"elementor-tab-content elementor-clearfix\" data-tab=\"3\" role=\"tabpanel\" aria-labelledby=\"elementor-tab-title-1763\"><p><strong>Agente:<\/strong> 6892 &#8211; SLI ADUANAS S.A.C.<br \/><strong>Tipo:<\/strong> AGENCIA DE ADUANA<br \/><strong>Direcci\u00f3n:<\/strong> CALLE CORDOVA 490 &#8211; SALAVERRY<br \/><strong>Documento:<\/strong> 4 &#8211; 20392990624<br \/><strong>Tel\u00e9fono:<\/strong> 437964<br \/>op.salaverry@sliaduanas.com.pe<\/p><\/div>\n\t\t\t\t<\/div>\n\t\t\t\t\t\t\t<div class=\"elementor-accordion-item\">\n\t\t\t\t\t<div id=\"elementor-tab-title-1764\" class=\"elementor-tab-title\" data-tab=\"4\" role=\"tab\" aria-controls=\"elementor-tab-content-1764\" aria-expanded=\"false\">\n\t\t\t\t\t\t\t\t\t\t\t\t\t<span class=\"elementor-accordion-icon elementor-accordion-icon-left\" aria-hidden=\"true\">\n\t\t\t\t\t\t\t\t\t\t\t\t\t\t\t<span class=\"elementor-accordion-icon-closed\"><i class=\"fas fa-angle-double-down\"><\/i><\/span>\n\t\t\t\t\t\t\t\t<span class=\"elementor-accordion-icon-opened\"><i class=\"fas fa-minus\"><\/i><\/span>\n\t\t\t\t\t\t\t\t\t\t\t\t\t\t<\/span>\n\t\t\t\t\t\t\t\t\t\t\t\t<a class=\"elementor-accordion-title\" href=\"\">MATARANI<\/a>\n\t\t\t\t\t<\/div>\n\t\t\t\t\t<div id=\"elementor-tab-content-1764\" class=\"elementor-tab-content elementor-clearfix\" data-tab=\"4\" role=\"tabpanel\" aria-labelledby=\"elementor-tab-title-1764\"><p><strong>Agente:<\/strong>\u00a06892 &#8211; SLI ADUANAS S.A.C.<br \/><strong>Tipo:<\/strong>\u00a0AGENCIA DE ADUANA<br \/><strong>Direcci\u00f3n:<\/strong> CAL. ZARUMILLA MZA. U LOTE. 3 URB. MIRAMAR AREQUIPA &#8211; ISLAY &#8211; MOLLENDO<br \/><strong>Documento:<\/strong>\u00a04 &#8211; 20392990624<br \/><strong>Tel\u00e9fono:<\/strong> 922985660 \/ 054-293274<br \/>op.matarani@sliaduanas.com.pe<\/p><\/div>\n\t\t\t\t<\/div>\n\t\t\t\t\t\t\t<div class=\"elementor-accordion-item\">\n\t\t\t\t\t<div id=\"elementor-tab-title-1765\" class=\"elementor-tab-title\" data-tab=\"5\" role=\"tab\" aria-controls=\"elementor-tab-content-1765\" aria-expanded=\"false\">\n\t\t\t\t\t\t\t\t\t\t\t\t\t<span class=\"elementor-accordion-icon elementor-accordion-icon-left\" aria-hidden=\"true\">\n\t\t\t\t\t\t\t\t\t\t\t\t\t\t\t<span class=\"elementor-accordion-icon-closed\"><i class=\"fas fa-angle-double-down\"><\/i><\/span>\n\t\t\t\t\t\t\t\t<span class=\"elementor-accordion-icon-opened\"><i class=\"fas fa-minus\"><\/i><\/span>\n\t\t\t\t\t\t\t\t\t\t\t\t\t\t<\/span>\n\t\t\t\t\t\t\t\t\t\t\t\t<a class=\"elementor-accordion-title\" href=\"\">PAITA<\/a>\n\t\t\t\t\t<\/div>\n\t\t\t\t\t<div id=\"elementor-tab-content-1765\" class=\"elementor-tab-content elementor-clearfix\" data-tab=\"5\" role=\"tabpanel\" aria-labelledby=\"elementor-tab-title-1765\"><p><strong>Agente:<\/strong>\u00a06892 &#8211; SLI ADUANAS S.A.C.<br \/><strong>Tipo:<\/strong>\u00a0AGENCIA DE ADUANA<br \/><strong>Direcci\u00f3n:<\/strong> AV. ALMIRANTE MIGUEL GRAU SUB. LOTE. B INT. 302 _ PIURA &#8211; PAITA &#8211; PAITA<br \/><strong>Documento:<\/strong>\u00a04 &#8211; 20392990624<br \/><strong>Tel\u00e9fono:<\/strong> 924119529 \/ 073-200399 <br \/>op.paita@sliaduanas.com.pe<\/p><\/div>\n\t\t\t\t<\/div>\n\t\t\t\t\t<\/div>\n\t\t\t\t<\/div>\n\t\t\t\t<\/div>\n\t\t\t\t<div class=\"elementor-element elementor-element-599c705 elementor-widget elementor-widget-button\" data-id=\"599c705\" data-element_type=\"widget\" data-widget_type=\"button.default\">\n\t\t\t\t<div class=\"elementor-widget-container\">\n\t\t\t\t\t<div class=\"elementor-button-wrapper\">\n\t\t\t<a href=\"https:\/\/sliaduanas.com.pe\/contacto\/\" class=\"elementor-button-link elementor-button elementor-size-sm\" role=\"button\">\n\t\t\t\t\t\t<span class=\"elementor-button-content-wrapper\">\n\t\t\t\t\t\t<span class=\"elementor-button-text\">Contacto<\/span>\n\t\t<\/span>\n\t\t\t\t\t<\/a>\n\t\t<\/div>\n\t\t\t\t<\/div>\n\t\t\t\t<\/div>\n\t\t\t\t\t\t<\/div>\n\t\t\t\t\t<\/div>\n\t\t<\/div>\n\t\t\t\t\t\t\t\t<\/div>\n\t\t\t\t\t<\/div>\n\t\t<\/section>\n\t\t\t\t<section class=\"elementor-section elementor-top-section elementor-element elementor-element-334477b elementor-section-boxed elementor-section-height-default elementor-section-height-default\" data-id=\"334477b\" data-element_type=\"section\">\n\t\t\t\t\t\t<div class=\"elementor-container elementor-column-gap-default\">\n\t\t\t\t\t\t\t<div class=\"elementor-row\">\n\t\t\t\t\t<div class=\"elementor-column elementor-col-100 elementor-top-column elementor-element elementor-element-04c9c2d\" data-id=\"04c9c2d\" data-element_type=\"column\">\n\t\t\t<div class=\"elementor-column-wrap elementor-element-populated\">\n\t\t\t\t\t\t\t<div class=\"elementor-widget-wrap\">\n\t\t\t\t\t\t<div class=\"elementor-element elementor-element-24f0442 elementor-widget-divider--view-line elementor-widget elementor-widget-divider\" data-id=\"24f0442\" data-element_type=\"widget\" data-widget_type=\"divider.default\">\n\t\t\t\t<div class=\"elementor-widget-container\">\n\t\t\t\t\t<div class=\"elementor-divider\">\n\t\t\t<span class=\"elementor-divider-separator\">\n\t\t\t\t\t\t<\/span>\n\t\t<\/div>\n\t\t\t\t<\/div>\n\t\t\t\t<\/div>\n\t\t\t\t\t\t<\/div>\n\t\t\t\t\t<\/div>\n\t\t<\/div>\n\t\t\t\t\t\t\t\t<\/div>\n\t\t\t\t\t<\/div>\n\t\t<\/section>\n\t\t\t\t<section class=\"elementor-section elementor-top-section elementor-element elementor-element-5692b09 elementor-section-boxed elementor-section-height-default elementor-section-height-default\" data-id=\"5692b09\" data-element_type=\"section\">\n\t\t\t\t\t\t<div class=\"elementor-container elementor-column-gap-default\">\n\t\t\t\t\t\t\t<div class=\"elementor-row\">\n\t\t\t\t\t<div class=\"elementor-column elementor-col-33 elementor-top-column elementor-element elementor-element-ec2750e\" data-id=\"ec2750e\" data-element_type=\"column\">\n\t\t\t<div class=\"elementor-column-wrap elementor-element-populated\">\n\t\t\t\t\t\t\t<div class=\"elementor-widget-wrap\">\n\t\t\t\t\t\t<div class=\"elementor-element elementor-element-9977a1c elementor-widget elementor-widget-image\" data-id=\"9977a1c\" data-element_type=\"widget\" data-widget_type=\"image.default\">\n\t\t\t\t<div class=\"elementor-widget-container\">\n\t\t\t\t\t<div class=\"elementor-image\">\n\t\t\t\t\t\t\t\t\t\t<img decoding=\"async\" src=\"https:\/\/sliaduanas.com.pe\/wp-content\/uploads\/elementor\/thumbs\/logo-ouufpm7jah0aub3rd89lmcig27kfz2rdwwo0tnytkm.png\" title=\"logo\" alt=\"logo\" \/>\t\t\t\t\t\t\t\t\t\t\t<\/div>\n\t\t\t\t<\/div>\n\t\t\t\t<\/div>\n\t\t\t\t\t\t<\/div>\n\t\t\t\t\t<\/div>\n\t\t<\/div>\n\t\t\t\t<div class=\"elementor-column elementor-col-66 elementor-top-column elementor-element elementor-element-9251b05\" data-id=\"9251b05\" data-element_type=\"column\">\n\t\t\t<div class=\"elementor-column-wrap elementor-element-populated\">\n\t\t\t\t\t\t\t<div class=\"elementor-widget-wrap\">\n\t\t\t\t\t\t<div class=\"elementor-element elementor-element-1c7dab1 elementor-widget elementor-widget-text-editor\" data-id=\"1c7dab1\" data-element_type=\"widget\" data-widget_type=\"text-editor.default\">\n\t\t\t\t<div class=\"elementor-widget-container\">\n\t\t\t\t\t<div class=\"elementor-text-editor elementor-clearfix\"><p>Av. Javier Prado Oeste 757 Int. P.5 (Edif. Skytower Business Center)<br \/>Magdalena del Mar, Lima &#8211; Per\u00fa<br \/>Tel\u00e9fono : 636-4747<br \/>E-mail: ventas@sliaduanas.com.pe<br \/>Horario: 8:00 a.m. a 6:00 p.m.<br \/><strong><a href=\"https:\/\/sliaduanas.com.pe\/\">www.sliaduanas.com.pe<\/a><\/strong><\/p><\/div>\n\t\t\t\t<\/div>\n\t\t\t\t<\/div>\n\t\t\t\t\t\t<\/div>\n\t\t\t\t\t<\/div>\n\t\t<\/div>\n\t\t\t\t\t\t\t\t<\/div>\n\t\t\t\t\t<\/div>\n\t\t<\/section>\n\t\t\t\t\t\t<\/div>\n\t\t\t\t\t\t<\/div>\n\t\t\t\t\t<\/div>\n\t\t","protected":false},"excerpt":{"rendered":"<div class=\"slide-text-bg2\"><span>Agenciamiento de Aduanas Somos una opci\u00f3n diferente en el comercio internacional, ofreciendo servicio de calidad siempre a la vanguardia \u00a0en la implement<\/span><\/div>\n<div class=\"slide-btn-area-sm\"><a href=\"https:\/\/sliaduanas.com.pe\/?page_id=12\" class=\"slide-btn-sm\">Read More<\/a><\/div>\n","protected":false},"author":1,"featured_media":0,"parent":0,"menu_order":0,"comment_status":"closed","ping_status":"closed","template":"fullwidth.php","meta":{"_joinchat":[],"footnotes":""},"class_list":["post-12","page","type-page","status-publish","hentry"],"yoast_head":"<!-- This site is optimized with the Yoast SEO plugin v27.0 - https:\/\/yoast.com\/product\/yoast-seo-wordpress\/ -->\n<title>AGENCIAMIENTO DE ADUANAS - PORTAL CORPORATIVO<\/title>\n<meta name=\"robots\" content=\"index, follow, max-snippet:-1, max-image-preview:large, max-video-preview:-1\" \/>\n<link rel=\"canonical\" href=\"https:\/\/sliaduanas.com.pe\/?page_id=12\" \/>\n<meta property=\"og:locale\" content=\"es_ES\" \/>\n<meta property=\"og:type\" content=\"article\" \/>\n<meta property=\"og:title\" content=\"AGENCIAMIENTO DE ADUANAS - PORTAL CORPORATIVO\" \/>\n<meta property=\"og:description\" content=\"Agenciamiento de Aduanas Somos una opci\u00f3n diferente en el comercio internacional, ofreciendo servicio de calidad siempre a la vanguardia \u00a0en la implementRead More\" \/>\n<meta property=\"og:url\" content=\"https:\/\/sliaduanas.com.pe\/?page_id=12\" \/>\n<meta property=\"og:site_name\" content=\"PORTAL CORPORATIVO\" \/>\n<meta property=\"article:publisher\" content=\"https:\/\/www.facebook.com\/SLIAduanassac\/\" \/>\n<meta property=\"article:modified_time\" content=\"2021-04-16T14:32:36+00:00\" \/>\n<meta property=\"og:image\" content=\"https:\/\/sliaduanas.com.pe\/wp-content\/uploads\/2020\/09\/agenciamiento.jpg\" \/>\n<meta name=\"twitter:card\" content=\"summary_large_image\" \/>\n<meta name=\"twitter:label1\" content=\"Est. reading time\" \/>\n\t<meta name=\"twitter:data1\" content=\"2 minutos\" \/>\n<script type=\"application\/ld+json\" class=\"yoast-schema-graph\">{\"@context\":\"https:\/\/schema.org\",\"@graph\":[{\"@type\":\"WebPage\",\"@id\":\"https:\/\/sliaduanas.com.pe\/?page_id=12\",\"url\":\"https:\/\/sliaduanas.com.pe\/?page_id=12\",\"name\":\"AGENCIAMIENTO DE ADUANAS - PORTAL CORPORATIVO\",\"isPartOf\":{\"@id\":\"https:\/\/sliaduanas.com.pe\/#website\"},\"primaryImageOfPage\":{\"@id\":\"https:\/\/sliaduanas.com.pe\/?page_id=12#primaryimage\"},\"image\":{\"@id\":\"https:\/\/sliaduanas.com.pe\/?page_id=12#primaryimage\"},\"thumbnailUrl\":\"https:\/\/sliaduanas.com.pe\/wp-content\/uploads\/2020\/09\/agenciamiento.jpg\",\"datePublished\":\"2016-10-08T22:49:41+00:00\",\"dateModified\":\"2021-04-16T14:32:36+00:00\",\"breadcrumb\":{\"@id\":\"https:\/\/sliaduanas.com.pe\/?page_id=12#breadcrumb\"},\"inLanguage\":\"es-PE\",\"potentialAction\":[{\"@type\":\"ReadAction\",\"target\":[\"https:\/\/sliaduanas.com.pe\/?page_id=12\"]}]},{\"@type\":\"ImageObject\",\"inLanguage\":\"es-PE\",\"@id\":\"https:\/\/sliaduanas.com.pe\/?page_id=12#primaryimage\",\"url\":\"https:\/\/sliaduanas.com.pe\/wp-content\/uploads\/2020\/09\/agenciamiento.jpg\",\"contentUrl\":\"https:\/\/sliaduanas.com.pe\/wp-content\/uploads\/2020\/09\/agenciamiento.jpg\"},{\"@type\":\"BreadcrumbList\",\"@id\":\"https:\/\/sliaduanas.com.pe\/?page_id=12#breadcrumb\",\"itemListElement\":[{\"@type\":\"ListItem\",\"position\":1,\"name\":\"Portada\",\"item\":\"https:\/\/sliaduanas.com.pe\/\"},{\"@type\":\"ListItem\",\"position\":2,\"name\":\"AGENCIAMIENTO DE ADUANAS\"}]},{\"@type\":\"WebSite\",\"@id\":\"https:\/\/sliaduanas.com.pe\/#website\",\"url\":\"https:\/\/sliaduanas.com.pe\/\",\"name\":\"SLI Aduanas\",\"description\":\"\",\"publisher\":{\"@id\":\"https:\/\/sliaduanas.com.pe\/#organization\"},\"potentialAction\":[{\"@type\":\"SearchAction\",\"target\":{\"@type\":\"EntryPoint\",\"urlTemplate\":\"https:\/\/sliaduanas.com.pe\/?s={search_term_string}\"},\"query-input\":{\"@type\":\"PropertyValueSpecification\",\"valueRequired\":true,\"valueName\":\"search_term_string\"}}],\"inLanguage\":\"es-PE\"},{\"@type\":\"Organization\",\"@id\":\"https:\/\/sliaduanas.com.pe\/#organization\",\"name\":\"SLI Aduanas SAC\",\"url\":\"https:\/\/sliaduanas.com.pe\/\",\"logo\":{\"@type\":\"ImageObject\",\"inLanguage\":\"es-PE\",\"@id\":\"https:\/\/sliaduanas.com.pe\/#\/schema\/logo\/image\/\",\"url\":\"https:\/\/sliaduanas.com.pe\/wp-content\/uploads\/2020\/09\/logo.png\",\"contentUrl\":\"https:\/\/sliaduanas.com.pe\/wp-content\/uploads\/2020\/09\/logo.png\",\"width\":411,\"height\":250,\"caption\":\"SLI Aduanas SAC\"},\"image\":{\"@id\":\"https:\/\/sliaduanas.com.pe\/#\/schema\/logo\/image\/\"},\"sameAs\":[\"https:\/\/www.facebook.com\/SLIAduanassac\/\",\"https:\/\/www.instagram.com\/sliaduanassac\/\",\"https:\/\/www.linkedin.com\/in\/sli-aduanas-sac-19430a187\/\"]}]}<\/script>\n<!-- \/ Yoast SEO plugin. -->","yoast_head_json":{"title":"AGENCIAMIENTO DE ADUANAS - PORTAL CORPORATIVO","robots":{"index":"index","follow":"follow","max-snippet":"max-snippet:-1","max-image-preview":"max-image-preview:large","max-video-preview":"max-video-preview:-1"},"canonical":"https:\/\/sliaduanas.com.pe\/?page_id=12","og_locale":"es_ES","og_type":"article","og_title":"AGENCIAMIENTO DE ADUANAS - PORTAL CORPORATIVO","og_description":"Agenciamiento de Aduanas Somos una opci\u00f3n diferente en el comercio internacional, ofreciendo servicio de calidad siempre a la vanguardia \u00a0en la implementRead More","og_url":"https:\/\/sliaduanas.com.pe\/?page_id=12","og_site_name":"PORTAL CORPORATIVO","article_publisher":"https:\/\/www.facebook.com\/SLIAduanassac\/","article_modified_time":"2021-04-16T14:32:36+00:00","og_image":[{"url":"https:\/\/sliaduanas.com.pe\/wp-content\/uploads\/2020\/09\/agenciamiento.jpg","type":"","width":"","height":""}],"twitter_card":"summary_large_image","twitter_misc":{"Est. reading time":"2 minutos"},"schema":{"@context":"https:\/\/schema.org","@graph":[{"@type":"WebPage","@id":"https:\/\/sliaduanas.com.pe\/?page_id=12","url":"https:\/\/sliaduanas.com.pe\/?page_id=12","name":"AGENCIAMIENTO DE ADUANAS - PORTAL CORPORATIVO","isPartOf":{"@id":"https:\/\/sliaduanas.com.pe\/#website"},"primaryImageOfPage":{"@id":"https:\/\/sliaduanas.com.pe\/?page_id=12#primaryimage"},"image":{"@id":"https:\/\/sliaduanas.com.pe\/?page_id=12#primaryimage"},"thumbnailUrl":"https:\/\/sliaduanas.com.pe\/wp-content\/uploads\/2020\/09\/agenciamiento.jpg","datePublished":"2016-10-08T22:49:41+00:00","dateModified":"2021-04-16T14:32:36+00:00","breadcrumb":{"@id":"https:\/\/sliaduanas.com.pe\/?page_id=12#breadcrumb"},"inLanguage":"es-PE","potentialAction":[{"@type":"ReadAction","target":["https:\/\/sliaduanas.com.pe\/?page_id=12"]}]},{"@type":"ImageObject","inLanguage":"es-PE","@id":"https:\/\/sliaduanas.com.pe\/?page_id=12#primaryimage","url":"https:\/\/sliaduanas.com.pe\/wp-content\/uploads\/2020\/09\/agenciamiento.jpg","contentUrl":"https:\/\/sliaduanas.com.pe\/wp-content\/uploads\/2020\/09\/agenciamiento.jpg"},{"@type":"BreadcrumbList","@id":"https:\/\/sliaduanas.com.pe\/?page_id=12#breadcrumb","itemListElement":[{"@type":"ListItem","position":1,"name":"Portada","item":"https:\/\/sliaduanas.com.pe\/"},{"@type":"ListItem","position":2,"name":"AGENCIAMIENTO DE ADUANAS"}]},{"@type":"WebSite","@id":"https:\/\/sliaduanas.com.pe\/#website","url":"https:\/\/sliaduanas.com.pe\/","name":"SLI Aduanas","description":"","publisher":{"@id":"https:\/\/sliaduanas.com.pe\/#organization"},"potentialAction":[{"@type":"SearchAction","target":{"@type":"EntryPoint","urlTemplate":"https:\/\/sliaduanas.com.pe\/?s={search_term_string}"},"query-input":{"@type":"PropertyValueSpecification","valueRequired":true,"valueName":"search_term_string"}}],"inLanguage":"es-PE"},{"@type":"Organization","@id":"https:\/\/sliaduanas.com.pe\/#organization","name":"SLI Aduanas SAC","url":"https:\/\/sliaduanas.com.pe\/","logo":{"@type":"ImageObject","inLanguage":"es-PE","@id":"https:\/\/sliaduanas.com.pe\/#\/schema\/logo\/image\/","url":"https:\/\/sliaduanas.com.pe\/wp-content\/uploads\/2020\/09\/logo.png","contentUrl":"https:\/\/sliaduanas.com.pe\/wp-content\/uploads\/2020\/09\/logo.png","width":411,"height":250,"caption":"SLI Aduanas SAC"},"image":{"@id":"https:\/\/sliaduanas.com.pe\/#\/schema\/logo\/image\/"},"sameAs":["https:\/\/www.facebook.com\/SLIAduanassac\/","https:\/\/www.instagram.com\/sliaduanassac\/","https:\/\/www.linkedin.com\/in\/sli-aduanas-sac-19430a187\/"]}]}},"_links":{"self":[{"href":"https:\/\/sliaduanas.com.pe\/index.php?rest_route=\/wp\/v2\/pages\/12","targetHints":{"allow":["GET"]}}],"collection":[{"href":"https:\/\/sliaduanas.com.pe\/index.php?rest_route=\/wp\/v2\/pages"}],"about":[{"href":"https:\/\/sliaduanas.com.pe\/index.php?rest_route=\/wp\/v2\/types\/page"}],"author":[{"embeddable":true,"href":"https:\/\/sliaduanas.com.pe\/index.php?rest_route=\/wp\/v2\/users\/1"}],"replies":[{"embeddable":true,"href":"https:\/\/sliaduanas.com.pe\/index.php?rest_route=%2Fwp%2Fv2%2Fcomments&post=12"}],"version-history":[{"count":72,"href":"https:\/\/sliaduanas.com.pe\/index.php?rest_route=\/wp\/v2\/pages\/12\/revisions"}],"predecessor-version":[{"id":601,"href":"https:\/\/sliaduanas.com.pe\/index.php?rest_route=\/wp\/v2\/pages\/12\/revisions\/601"}],"wp:attachment":[{"href":"https:\/\/sliaduanas.com.pe\/index.php?rest_route=%2Fwp%2Fv2%2Fmedia&parent=12"}],"curies":[{"name":"wp","href":"https:\/\/api.w.org\/{rel}","templated":true}]}}