{"id":16,"date":"2016-10-08T22:51:53","date_gmt":"2016-10-08T22:51:53","guid":{"rendered":"https:\/\/sliaduanas.com.pe\/?page_id=16"},"modified":"2020-10-25T16:17:24","modified_gmt":"2020-10-25T16:17:24","slug":"almacenaje-transporte-y-distribucion","status":"publish","type":"page","link":"https:\/\/sliaduanas.com.pe\/?page_id=16","title":{"rendered":"ALMACENAJE \/ TRANSPORTE Y DISTRIBUCI\u00d3N"},"content":{"rendered":"\t\t<div data-elementor-type=\"wp-page\" data-elementor-id=\"16\" class=\"elementor elementor-16\" data-elementor-settings=\"[]\">\n\t\t\t\t\t\t<div class=\"elementor-inner\">\n\t\t\t\t\t\t\t<div class=\"elementor-section-wrap\">\n\t\t\t\t\t\t\t<section class=\"elementor-section elementor-top-section elementor-element elementor-element-63002ef2 elementor-section-boxed elementor-section-height-default elementor-section-height-default\" data-id=\"63002ef2\" data-element_type=\"section\">\n\t\t\t\t\t\t<div class=\"elementor-container elementor-column-gap-default\">\n\t\t\t\t\t\t\t<div class=\"elementor-row\">\n\t\t\t\t\t<div class=\"elementor-column elementor-col-100 elementor-top-column elementor-element elementor-element-9476f64\" data-id=\"9476f64\" data-element_type=\"column\">\n\t\t\t<div class=\"elementor-column-wrap\">\n\t\t\t\t\t\t\t<div class=\"elementor-widget-wrap\">\n\t\t\t\t\t\t\t\t<\/div>\n\t\t\t\t\t<\/div>\n\t\t<\/div>\n\t\t\t\t\t\t\t\t<\/div>\n\t\t\t\t\t<\/div>\n\t\t<\/section>\n\t\t\t\t<section class=\"elementor-section elementor-top-section elementor-element elementor-element-03d89ea elementor-section-boxed elementor-section-height-default elementor-section-height-default\" data-id=\"03d89ea\" data-element_type=\"section\">\n\t\t\t\t\t\t<div class=\"elementor-container elementor-column-gap-default\">\n\t\t\t\t\t\t\t<div class=\"elementor-row\">\n\t\t\t\t\t<div class=\"elementor-column elementor-col-50 elementor-top-column elementor-element elementor-element-5b8465e\" data-id=\"5b8465e\" data-element_type=\"column\">\n\t\t\t<div class=\"elementor-column-wrap elementor-element-populated\">\n\t\t\t\t\t\t\t<div class=\"elementor-widget-wrap\">\n\t\t\t\t\t\t<div class=\"elementor-element elementor-element-284dfa0 elementor-widget elementor-widget-image\" data-id=\"284dfa0\" data-element_type=\"widget\" data-widget_type=\"image.default\">\n\t\t\t\t<div class=\"elementor-widget-container\">\n\t\t\t\t\t<div class=\"elementor-image\">\n\t\t\t\t\t\t\t\t\t\t<img loading=\"lazy\" decoding=\"async\" width=\"543\" height=\"363\" src=\"https:\/\/sliaduanas.com.pe\/wp-content\/uploads\/2020\/09\/almacenaje.jpg\" class=\"attachment-large size-large\" alt=\"\" srcset=\"https:\/\/sliaduanas.com.pe\/wp-content\/uploads\/2020\/09\/almacenaje.jpg 543w, https:\/\/sliaduanas.com.pe\/wp-content\/uploads\/2020\/09\/almacenaje-300x201.jpg 300w\" sizes=\"auto, (max-width: 543px) 100vw, 543px\" \/>\t\t\t\t\t\t\t\t\t\t\t<\/div>\n\t\t\t\t<\/div>\n\t\t\t\t<\/div>\n\t\t\t\t<div class=\"elementor-element elementor-element-02fa2a8 elementor-widget elementor-widget-image\" data-id=\"02fa2a8\" data-element_type=\"widget\" data-widget_type=\"image.default\">\n\t\t\t\t<div class=\"elementor-widget-container\">\n\t\t\t\t\t<div class=\"elementor-image\">\n\t\t\t\t\t\t\t\t\t\t<img loading=\"lazy\" decoding=\"async\" width=\"518\" height=\"115\" src=\"https:\/\/sliaduanas.com.pe\/wp-content\/uploads\/2020\/10\/certificado-basc.png\" class=\"attachment-large size-large\" alt=\"\" srcset=\"https:\/\/sliaduanas.com.pe\/wp-content\/uploads\/2020\/10\/certificado-basc.png 518w, https:\/\/sliaduanas.com.pe\/wp-content\/uploads\/2020\/10\/certificado-basc-300x67.png 300w\" sizes=\"auto, (max-width: 518px) 100vw, 518px\" \/>\t\t\t\t\t\t\t\t\t\t\t<\/div>\n\t\t\t\t<\/div>\n\t\t\t\t<\/div>\n\t\t\t\t\t\t<\/div>\n\t\t\t\t\t<\/div>\n\t\t<\/div>\n\t\t\t\t<div class=\"elementor-column elementor-col-50 elementor-top-column elementor-element elementor-element-843be1b\" data-id=\"843be1b\" data-element_type=\"column\">\n\t\t\t<div class=\"elementor-column-wrap elementor-element-populated\">\n\t\t\t\t\t\t\t<div class=\"elementor-widget-wrap\">\n\t\t\t\t\t\t<div class=\"elementor-element elementor-element-bbfa2a6 elementor-widget elementor-widget-heading\" data-id=\"bbfa2a6\" data-element_type=\"widget\" data-widget_type=\"heading.default\">\n\t\t\t\t<div class=\"elementor-widget-container\">\n\t\t\t<h2 class=\"elementor-heading-title elementor-size-default\">Almacenaje \/ Transporte y Distribuci\u00f3n:<\/h2>\t\t<\/div>\n\t\t\t\t<\/div>\n\t\t\t\t<div class=\"elementor-element elementor-element-9fc3981 elementor-widget elementor-widget-text-editor\" data-id=\"9fc3981\" data-element_type=\"widget\" data-widget_type=\"text-editor.default\">\n\t\t\t\t<div class=\"elementor-widget-container\">\n\t\t\t\t\t<div class=\"elementor-text-editor elementor-clearfix\"><p>Contamos con una flota de camiones y furgones que nos permiten almacenar, transportar y distribuir sus mercanc\u00edas, siempre velando por la seguridad de su operaci\u00f3n y de las mercanc\u00edas.<\/p><\/div>\n\t\t\t\t<\/div>\n\t\t\t\t<\/div>\n\t\t\t\t<div class=\"elementor-element elementor-element-b42a868 elementor-widget elementor-widget-button\" data-id=\"b42a868\" data-element_type=\"widget\" data-widget_type=\"button.default\">\n\t\t\t\t<div class=\"elementor-widget-container\">\n\t\t\t\t\t<div class=\"elementor-button-wrapper\">\n\t\t\t<a href=\"https:\/\/sliaduanas.com.pe\/contacto\/\" class=\"elementor-button-link elementor-button elementor-size-sm\" role=\"button\">\n\t\t\t\t\t\t<span class=\"elementor-button-content-wrapper\">\n\t\t\t\t\t\t<span class=\"elementor-button-text\">Contacto<\/span>\n\t\t<\/span>\n\t\t\t\t\t<\/a>\n\t\t<\/div>\n\t\t\t\t<\/div>\n\t\t\t\t<\/div>\n\t\t\t\t\t\t<\/div>\n\t\t\t\t\t<\/div>\n\t\t<\/div>\n\t\t\t\t\t\t\t\t<\/div>\n\t\t\t\t\t<\/div>\n\t\t<\/section>\n\t\t\t\t<section class=\"elementor-section elementor-top-section elementor-element elementor-element-2f1965e elementor-section-boxed elementor-section-height-default elementor-section-height-default\" data-id=\"2f1965e\" data-element_type=\"section\">\n\t\t\t\t\t\t<div class=\"elementor-container elementor-column-gap-default\">\n\t\t\t\t\t\t\t<div class=\"elementor-row\">\n\t\t\t\t\t<div class=\"elementor-column elementor-col-100 elementor-top-column elementor-element elementor-element-320ef53\" data-id=\"320ef53\" data-element_type=\"column\">\n\t\t\t<div class=\"elementor-column-wrap elementor-element-populated\">\n\t\t\t\t\t\t\t<div class=\"elementor-widget-wrap\">\n\t\t\t\t\t\t<div class=\"elementor-element elementor-element-6aa2709 elementor-widget-divider--view-line elementor-widget elementor-widget-divider\" data-id=\"6aa2709\" data-element_type=\"widget\" data-widget_type=\"divider.default\">\n\t\t\t\t<div class=\"elementor-widget-container\">\n\t\t\t\t\t<div class=\"elementor-divider\">\n\t\t\t<span class=\"elementor-divider-separator\">\n\t\t\t\t\t\t<\/span>\n\t\t<\/div>\n\t\t\t\t<\/div>\n\t\t\t\t<\/div>\n\t\t\t\t\t\t<\/div>\n\t\t\t\t\t<\/div>\n\t\t<\/div>\n\t\t\t\t\t\t\t\t<\/div>\n\t\t\t\t\t<\/div>\n\t\t<\/section>\n\t\t\t\t<section class=\"elementor-section elementor-top-section elementor-element elementor-element-b45e7f5 elementor-section-boxed elementor-section-height-default elementor-section-height-default\" data-id=\"b45e7f5\" data-element_type=\"section\">\n\t\t\t\t\t\t<div class=\"elementor-container elementor-column-gap-default\">\n\t\t\t\t\t\t\t<div class=\"elementor-row\">\n\t\t\t\t\t<div class=\"elementor-column elementor-col-33 elementor-top-column elementor-element elementor-element-8d6e9a1\" data-id=\"8d6e9a1\" data-element_type=\"column\">\n\t\t\t<div class=\"elementor-column-wrap elementor-element-populated\">\n\t\t\t\t\t\t\t<div class=\"elementor-widget-wrap\">\n\t\t\t\t\t\t<div class=\"elementor-element elementor-element-ef4fd06 elementor-widget elementor-widget-image\" data-id=\"ef4fd06\" data-element_type=\"widget\" data-widget_type=\"image.default\">\n\t\t\t\t<div class=\"elementor-widget-container\">\n\t\t\t\t\t<div class=\"elementor-image\">\n\t\t\t\t\t\t\t\t\t\t<img loading=\"lazy\" decoding=\"async\" width=\"411\" height=\"250\" src=\"https:\/\/sliaduanas.com.pe\/wp-content\/uploads\/2020\/09\/logo.png\" class=\"attachment-large size-large\" alt=\"\" srcset=\"https:\/\/sliaduanas.com.pe\/wp-content\/uploads\/2020\/09\/logo.png 411w, https:\/\/sliaduanas.com.pe\/wp-content\/uploads\/2020\/09\/logo-300x182.png 300w\" sizes=\"auto, (max-width: 411px) 100vw, 411px\" \/>\t\t\t\t\t\t\t\t\t\t\t<\/div>\n\t\t\t\t<\/div>\n\t\t\t\t<\/div>\n\t\t\t\t\t\t<\/div>\n\t\t\t\t\t<\/div>\n\t\t<\/div>\n\t\t\t\t<div class=\"elementor-column elementor-col-66 elementor-top-column elementor-element elementor-element-a433a73\" data-id=\"a433a73\" data-element_type=\"column\">\n\t\t\t<div class=\"elementor-column-wrap elementor-element-populated\">\n\t\t\t\t\t\t\t<div class=\"elementor-widget-wrap\">\n\t\t\t\t\t\t<div class=\"elementor-element elementor-element-3b9906c elementor-widget elementor-widget-text-editor\" data-id=\"3b9906c\" data-element_type=\"widget\" data-widget_type=\"text-editor.default\">\n\t\t\t\t<div class=\"elementor-widget-container\">\n\t\t\t\t\t<div class=\"elementor-text-editor elementor-clearfix\"><p>Av. Javier Prado Oeste 757 Int. P.5 (Edif. Skytower Business Center)<br \/>Magdalena del Mar, Lima &#8211; Per\u00fa<br \/>Tel\u00e9fono : 636-4747<br \/>E-mail: ventas@sliaduanas.com.pe<br \/>Horario: 8:00 a.m. a 6:00 p.m.<br \/><strong><a href=\"https:\/\/sliaduanas.com.pe\/\">www.sliaduanas.com.pe<\/a><\/strong><\/p><\/div>\n\t\t\t\t<\/div>\n\t\t\t\t<\/div>\n\t\t\t\t\t\t<\/div>\n\t\t\t\t\t<\/div>\n\t\t<\/div>\n\t\t\t\t\t\t\t\t<\/div>\n\t\t\t\t\t<\/div>\n\t\t<\/section>\n\t\t\t\t\t\t<\/div>\n\t\t\t\t\t\t<\/div>\n\t\t\t\t\t<\/div>\n\t\t","protected":false},"excerpt":{"rendered":"<div class=\"slide-text-bg2\"><span>Almacenaje \/ Transporte y Distribuci\u00f3n: Contamos con una flota de camiones y furgones que nos permiten almacenar, transportar y distribuir sus mercanc\u00edas<\/span><\/div>\n<div class=\"slide-btn-area-sm\"><a href=\"https:\/\/sliaduanas.com.pe\/?page_id=16\" class=\"slide-btn-sm\">Read More<\/a><\/div>\n","protected":false},"author":1,"featured_media":0,"parent":0,"menu_order":0,"comment_status":"closed","ping_status":"closed","template":"fullwidth.php","meta":{"_joinchat":[],"footnotes":""},"class_list":["post-16","page","type-page","status-publish","hentry"],"yoast_head":"<!-- This site is optimized with the Yoast SEO plugin v27.0 - https:\/\/yoast.com\/product\/yoast-seo-wordpress\/ -->\n<title>ALMACENAJE \/ TRANSPORTE Y DISTRIBUCI\u00d3N - PORTAL CORPORATIVO<\/title>\n<meta name=\"robots\" content=\"index, follow, max-snippet:-1, max-image-preview:large, max-video-preview:-1\" \/>\n<link rel=\"canonical\" href=\"https:\/\/sliaduanas.com.pe\/?page_id=16\" \/>\n<meta property=\"og:locale\" content=\"es_ES\" \/>\n<meta property=\"og:type\" content=\"article\" \/>\n<meta property=\"og:title\" content=\"ALMACENAJE \/ TRANSPORTE Y DISTRIBUCI\u00d3N - PORTAL CORPORATIVO\" \/>\n<meta property=\"og:description\" content=\"Almacenaje \/ Transporte y Distribuci\u00f3n: Contamos con una flota de camiones y furgones que nos permiten almacenar, transportar y distribuir sus mercanc\u00edasRead More\" \/>\n<meta property=\"og:url\" content=\"https:\/\/sliaduanas.com.pe\/?page_id=16\" \/>\n<meta property=\"og:site_name\" content=\"PORTAL CORPORATIVO\" \/>\n<meta property=\"article:publisher\" content=\"https:\/\/www.facebook.com\/SLIAduanassac\/\" \/>\n<meta property=\"article:modified_time\" content=\"2020-10-25T16:17:24+00:00\" \/>\n<meta property=\"og:image\" content=\"https:\/\/sliaduanas.com.pe\/wp-content\/uploads\/2020\/09\/almacenaje.jpg\" \/>\n<meta name=\"twitter:card\" content=\"summary_large_image\" \/>\n<script type=\"application\/ld+json\" class=\"yoast-schema-graph\">{\"@context\":\"https:\/\/schema.org\",\"@graph\":[{\"@type\":\"WebPage\",\"@id\":\"https:\/\/sliaduanas.com.pe\/?page_id=16\",\"url\":\"https:\/\/sliaduanas.com.pe\/?page_id=16\",\"name\":\"ALMACENAJE \/ TRANSPORTE Y DISTRIBUCI\u00d3N - PORTAL CORPORATIVO\",\"isPartOf\":{\"@id\":\"https:\/\/sliaduanas.com.pe\/#website\"},\"primaryImageOfPage\":{\"@id\":\"https:\/\/sliaduanas.com.pe\/?page_id=16#primaryimage\"},\"image\":{\"@id\":\"https:\/\/sliaduanas.com.pe\/?page_id=16#primaryimage\"},\"thumbnailUrl\":\"https:\/\/sliaduanas.com.pe\/wp-content\/uploads\/2020\/09\/almacenaje.jpg\",\"datePublished\":\"2016-10-08T22:51:53+00:00\",\"dateModified\":\"2020-10-25T16:17:24+00:00\",\"breadcrumb\":{\"@id\":\"https:\/\/sliaduanas.com.pe\/?page_id=16#breadcrumb\"},\"inLanguage\":\"es-PE\",\"potentialAction\":[{\"@type\":\"ReadAction\",\"target\":[\"https:\/\/sliaduanas.com.pe\/?page_id=16\"]}]},{\"@type\":\"ImageObject\",\"inLanguage\":\"es-PE\",\"@id\":\"https:\/\/sliaduanas.com.pe\/?page_id=16#primaryimage\",\"url\":\"https:\/\/sliaduanas.com.pe\/wp-content\/uploads\/2020\/09\/almacenaje.jpg\",\"contentUrl\":\"https:\/\/sliaduanas.com.pe\/wp-content\/uploads\/2020\/09\/almacenaje.jpg\"},{\"@type\":\"BreadcrumbList\",\"@id\":\"https:\/\/sliaduanas.com.pe\/?page_id=16#breadcrumb\",\"itemListElement\":[{\"@type\":\"ListItem\",\"position\":1,\"name\":\"Portada\",\"item\":\"https:\/\/sliaduanas.com.pe\/\"},{\"@type\":\"ListItem\",\"position\":2,\"name\":\"ALMACENAJE \/ TRANSPORTE Y DISTRIBUCI\u00d3N\"}]},{\"@type\":\"WebSite\",\"@id\":\"https:\/\/sliaduanas.com.pe\/#website\",\"url\":\"https:\/\/sliaduanas.com.pe\/\",\"name\":\"SLI Aduanas\",\"description\":\"\",\"publisher\":{\"@id\":\"https:\/\/sliaduanas.com.pe\/#organization\"},\"potentialAction\":[{\"@type\":\"SearchAction\",\"target\":{\"@type\":\"EntryPoint\",\"urlTemplate\":\"https:\/\/sliaduanas.com.pe\/?s={search_term_string}\"},\"query-input\":{\"@type\":\"PropertyValueSpecification\",\"valueRequired\":true,\"valueName\":\"search_term_string\"}}],\"inLanguage\":\"es-PE\"},{\"@type\":\"Organization\",\"@id\":\"https:\/\/sliaduanas.com.pe\/#organization\",\"name\":\"SLI Aduanas SAC\",\"url\":\"https:\/\/sliaduanas.com.pe\/\",\"logo\":{\"@type\":\"ImageObject\",\"inLanguage\":\"es-PE\",\"@id\":\"https:\/\/sliaduanas.com.pe\/#\/schema\/logo\/image\/\",\"url\":\"https:\/\/sliaduanas.com.pe\/wp-content\/uploads\/2020\/09\/logo.png\",\"contentUrl\":\"https:\/\/sliaduanas.com.pe\/wp-content\/uploads\/2020\/09\/logo.png\",\"width\":411,\"height\":250,\"caption\":\"SLI Aduanas SAC\"},\"image\":{\"@id\":\"https:\/\/sliaduanas.com.pe\/#\/schema\/logo\/image\/\"},\"sameAs\":[\"https:\/\/www.facebook.com\/SLIAduanassac\/\",\"https:\/\/www.instagram.com\/sliaduanassac\/\",\"https:\/\/www.linkedin.com\/in\/sli-aduanas-sac-19430a187\/\"]}]}<\/script>\n<!-- \/ Yoast SEO plugin. -->","yoast_head_json":{"title":"ALMACENAJE \/ TRANSPORTE Y DISTRIBUCI\u00d3N - PORTAL CORPORATIVO","robots":{"index":"index","follow":"follow","max-snippet":"max-snippet:-1","max-image-preview":"max-image-preview:large","max-video-preview":"max-video-preview:-1"},"canonical":"https:\/\/sliaduanas.com.pe\/?page_id=16","og_locale":"es_ES","og_type":"article","og_title":"ALMACENAJE \/ TRANSPORTE Y DISTRIBUCI\u00d3N - PORTAL CORPORATIVO","og_description":"Almacenaje \/ Transporte y Distribuci\u00f3n: Contamos con una flota de camiones y furgones que nos permiten almacenar, transportar y distribuir sus mercanc\u00edasRead More","og_url":"https:\/\/sliaduanas.com.pe\/?page_id=16","og_site_name":"PORTAL CORPORATIVO","article_publisher":"https:\/\/www.facebook.com\/SLIAduanassac\/","article_modified_time":"2020-10-25T16:17:24+00:00","og_image":[{"url":"https:\/\/sliaduanas.com.pe\/wp-content\/uploads\/2020\/09\/almacenaje.jpg","type":"","width":"","height":""}],"twitter_card":"summary_large_image","schema":{"@context":"https:\/\/schema.org","@graph":[{"@type":"WebPage","@id":"https:\/\/sliaduanas.com.pe\/?page_id=16","url":"https:\/\/sliaduanas.com.pe\/?page_id=16","name":"ALMACENAJE \/ TRANSPORTE Y DISTRIBUCI\u00d3N - PORTAL CORPORATIVO","isPartOf":{"@id":"https:\/\/sliaduanas.com.pe\/#website"},"primaryImageOfPage":{"@id":"https:\/\/sliaduanas.com.pe\/?page_id=16#primaryimage"},"image":{"@id":"https:\/\/sliaduanas.com.pe\/?page_id=16#primaryimage"},"thumbnailUrl":"https:\/\/sliaduanas.com.pe\/wp-content\/uploads\/2020\/09\/almacenaje.jpg","datePublished":"2016-10-08T22:51:53+00:00","dateModified":"2020-10-25T16:17:24+00:00","breadcrumb":{"@id":"https:\/\/sliaduanas.com.pe\/?page_id=16#breadcrumb"},"inLanguage":"es-PE","potentialAction":[{"@type":"ReadAction","target":["https:\/\/sliaduanas.com.pe\/?page_id=16"]}]},{"@type":"ImageObject","inLanguage":"es-PE","@id":"https:\/\/sliaduanas.com.pe\/?page_id=16#primaryimage","url":"https:\/\/sliaduanas.com.pe\/wp-content\/uploads\/2020\/09\/almacenaje.jpg","contentUrl":"https:\/\/sliaduanas.com.pe\/wp-content\/uploads\/2020\/09\/almacenaje.jpg"},{"@type":"BreadcrumbList","@id":"https:\/\/sliaduanas.com.pe\/?page_id=16#breadcrumb","itemListElement":[{"@type":"ListItem","position":1,"name":"Portada","item":"https:\/\/sliaduanas.com.pe\/"},{"@type":"ListItem","position":2,"name":"ALMACENAJE \/ TRANSPORTE Y DISTRIBUCI\u00d3N"}]},{"@type":"WebSite","@id":"https:\/\/sliaduanas.com.pe\/#website","url":"https:\/\/sliaduanas.com.pe\/","name":"SLI Aduanas","description":"","publisher":{"@id":"https:\/\/sliaduanas.com.pe\/#organization"},"potentialAction":[{"@type":"SearchAction","target":{"@type":"EntryPoint","urlTemplate":"https:\/\/sliaduanas.com.pe\/?s={search_term_string}"},"query-input":{"@type":"PropertyValueSpecification","valueRequired":true,"valueName":"search_term_string"}}],"inLanguage":"es-PE"},{"@type":"Organization","@id":"https:\/\/sliaduanas.com.pe\/#organization","name":"SLI Aduanas SAC","url":"https:\/\/sliaduanas.com.pe\/","logo":{"@type":"ImageObject","inLanguage":"es-PE","@id":"https:\/\/sliaduanas.com.pe\/#\/schema\/logo\/image\/","url":"https:\/\/sliaduanas.com.pe\/wp-content\/uploads\/2020\/09\/logo.png","contentUrl":"https:\/\/sliaduanas.com.pe\/wp-content\/uploads\/2020\/09\/logo.png","width":411,"height":250,"caption":"SLI Aduanas SAC"},"image":{"@id":"https:\/\/sliaduanas.com.pe\/#\/schema\/logo\/image\/"},"sameAs":["https:\/\/www.facebook.com\/SLIAduanassac\/","https:\/\/www.instagram.com\/sliaduanassac\/","https:\/\/www.linkedin.com\/in\/sli-aduanas-sac-19430a187\/"]}]}},"_links":{"self":[{"href":"https:\/\/sliaduanas.com.pe\/index.php?rest_route=\/wp\/v2\/pages\/16","targetHints":{"allow":["GET"]}}],"collection":[{"href":"https:\/\/sliaduanas.com.pe\/index.php?rest_route=\/wp\/v2\/pages"}],"about":[{"href":"https:\/\/sliaduanas.com.pe\/index.php?rest_route=\/wp\/v2\/types\/page"}],"author":[{"embeddable":true,"href":"https:\/\/sliaduanas.com.pe\/index.php?rest_route=\/wp\/v2\/users\/1"}],"replies":[{"embeddable":true,"href":"https:\/\/sliaduanas.com.pe\/index.php?rest_route=%2Fwp%2Fv2%2Fcomments&post=16"}],"version-history":[{"count":16,"href":"https:\/\/sliaduanas.com.pe\/index.php?rest_route=\/wp\/v2\/pages\/16\/revisions"}],"predecessor-version":[{"id":528,"href":"https:\/\/sliaduanas.com.pe\/index.php?rest_route=\/wp\/v2\/pages\/16\/revisions\/528"}],"wp:attachment":[{"href":"https:\/\/sliaduanas.com.pe\/index.php?rest_route=%2Fwp%2Fv2%2Fmedia&parent=16"}],"curies":[{"name":"wp","href":"https:\/\/api.w.org\/{rel}","templated":true}]}}